{"id":56,"date":"2019-05-03T22:02:12","date_gmt":"2019-05-03T20:02:12","guid":{"rendered":"https:\/\/kamser.ee\/?page_id=56"},"modified":"2021-04-06T16:30:14","modified_gmt":"2021-04-06T14:30:14","slug":"56-2","status":"publish","type":"page","link":"https:\/\/kamser.ee\/","title":{"rendered":"Avaleht"},"content":{"rendered":"<p>[et_pb_section fb_built=&#8221;1&#8243; custom_padding_last_edited=&#8221;on|tablet&#8221; prev_background_color=&#8221;#ffffff&#8221; disabled_on=&#8221;off|off|off&#8221; admin_label=&#8221;Hero Section&#8221; _builder_version=&#8221;3.22.3&#8243; use_background_color_gradient=&#8221;on&#8221; background_color_gradient_start=&#8221;#2b303a&#8221; background_color_gradient_end=&#8221;rgba(43,48,58,0.5)&#8221; background_color_gradient_type=&#8221;radial&#8221; background_color_gradient_direction_radial=&#8221;top left&#8221; background_color_gradient_start_position=&#8221;10%&#8221; background_color_gradient_overlays_image=&#8221;on&#8221; background_image=&#8221;https:\/\/kamser.ee\/wp-content\/uploads\/2019\/04\/handyman-06.jpg&#8221; module_alignment=&#8221;right&#8221; custom_margin=&#8221;60px|60px|60px|60px|true|true&#8221; custom_margin_tablet=&#8221;0px|0px|0px|0px|true|true&#8221; custom_margin_phone=&#8221;&#8221; custom_margin_last_edited=&#8221;on|phone&#8221; custom_padding=&#8221;10vw||0|0|false|false&#8221; custom_padding_tablet=&#8221;|||0px&#8221; custom_padding_phone=&#8221;120px|||&#8221; top_divider_style=&#8221;asymmetric4&#8243; top_divider_repeat=&#8221;0.5x&#8221; top_divider_flip=&#8221;vertical&#8221; animation_style=&#8221;slide&#8221; animation_direction=&#8221;top&#8221; animation_intensity_slide=&#8221;2%&#8221; box_shadow_style=&#8221;preset3&#8243; box_shadow_vertical=&#8221;80px&#8221; box_shadow_blur=&#8221;200px&#8221; box_shadow_spread=&#8221;-40px&#8221; box_shadow_color=&#8221;rgba(0,0,0,0.12)&#8221;][et_pb_row admin_label=&#8221;Hero Area&#8221; _builder_version=&#8221;3.25&#8243; background_size=&#8221;initial&#8221; background_position=&#8221;top_left&#8221; background_repeat=&#8221;repeat&#8221; custom_margin=&#8221;||8vw|&#8221;][et_pb_column type=&#8221;4_4&#8243; _builder_version=&#8221;3.25&#8243; custom_padding=&#8221;|||&#8221; custom_padding__hover=&#8221;|||&#8221;][et_pb_text admin_label=&#8221;Title&#8221; _builder_version=&#8221;3.27.4&#8243; text_font=&#8221;||||||||&#8221; quote_font=&#8221;||||||||&#8221; header_font=&#8221;Bungee||||||||&#8221; header_font_size=&#8221;80px&#8221; header_line_height=&#8221;1.4em&#8221; header_2_font=&#8221;||||||||&#8221; background_layout=&#8221;dark&#8221; custom_margin=&#8221;|||-40px&#8221; custom_margin_tablet=&#8221;&#8221; custom_margin_phone=&#8221;|||0px&#8221; custom_margin_last_edited=&#8221;on|phone&#8221; custom_padding=&#8221;|||30px&#8221; animation_style=&#8221;slide&#8221; animation_direction=&#8221;top&#8221; animation_intensity_slide=&#8221;5%&#8221; animation_starting_opacity=&#8221;100%&#8221; header_font_size_tablet=&#8221;40px&#8221; header_font_size_phone=&#8221;&#8221; header_font_size_last_edited=&#8221;on|tablet&#8221; border_color_all=&#8221;#ff5400&#8243; border_width_left=&#8221;10px&#8221;]<\/p>\n<h1>Kamser ehitus<\/h1>\n<p>[\/et_pb_text][et_pb_text admin_label=&#8221;Subtitle&#8221; _builder_version=&#8221;3.27.4&#8243; text_font=&#8221;||||||||&#8221; text_font_size=&#8221;20px&#8221; text_line_height=&#8221;1.8em&#8221; header_font=&#8221;||||||||&#8221; background_layout=&#8221;dark&#8221; max_width=&#8221;700px&#8221; max_width_tablet=&#8221;&#8221; max_width_phone=&#8221;&#8221; max_width_last_edited=&#8221;on|tablet&#8221; custom_margin=&#8221;|||&#8221; custom_padding=&#8221;|||&#8221; animation_style=&#8221;slide&#8221; animation_direction=&#8221;top&#8221; animation_intensity_slide=&#8221;5%&#8221; animation_starting_opacity=&#8221;100%&#8221;]<\/p>\n<p>Oleme kaasaegne ja aktiivselt arenev ehitusettev\u00f5te aastast 2017.<\/p>\n<p>Pakume teenuseid laias valikus-vanade hoonete renoveerimisest uute elamis ja tootmis pindade loomiseni. K\u00f5ik t\u00f6\u00f6d teostame vastavalt kaasaegsete kvaliteedi n\u00f5udmistele ja EU ehitustavale.<\/p>\n<p>[\/et_pb_text][\/et_pb_column][\/et_pb_row][et_pb_row column_structure=&#8221;1_3,2_3&#8243; use_custom_gutter=&#8221;on&#8221; gutter_width=&#8221;1&#8243; make_equal=&#8221;on&#8221; admin_label=&#8221;CTA Area&#8221; _builder_version=&#8221;3.25&#8243; background_color=&#8221;#ffffff&#8221; width=&#8221;90%&#8221; max_width=&#8221;90%&#8221; module_alignment=&#8221;right&#8221; custom_margin=&#8221;|||&#8221; custom_margin_tablet=&#8221;|||0px&#8221; custom_margin_phone=&#8221;&#8221; custom_margin_last_edited=&#8221;on|tablet&#8221; custom_padding=&#8221;0px||0px|&#8221; animation_style=&#8221;slide&#8221; animation_direction=&#8221;top&#8221; animation_delay=&#8221;200ms&#8221; animation_intensity_slide=&#8221;20%&#8221; use_custom_width=&#8221;on&#8221; width_unit=&#8221;off&#8221; custom_width_percent=&#8221;90%&#8221; locked=&#8221;off&#8221;][et_pb_column type=&#8221;1_3&#8243; _builder_version=&#8221;3.25&#8243; background_color=&#8221;#0072ff&#8221; custom_padding=&#8221;|||&#8221; custom_padding__hover=&#8221;|||&#8221;][et_pb_button button_text=&#8221;Kirjuta Meile&#8221; button_alignment=&#8221;center&#8221; _builder_version=&#8221;3.22.4&#8243; custom_button=&#8221;on&#8221; button_text_size=&#8221;22px&#8221; button_bg_color=&#8221;#0072ff&#8221; button_border_width=&#8221;12px&#8221; button_border_color=&#8221;#0072ff&#8221; button_letter_spacing=&#8221;4px&#8221; button_font=&#8221;Bungee||||||||&#8221; button_icon=&#8221;%%3%%&#8221; background_layout=&#8221;dark&#8221; custom_margin=&#8221;|||&#8221; custom_padding=&#8221;30px||30px||true|true&#8221; locked=&#8221;off&#8221; button_text_size__hover_enabled=&#8221;off&#8221; button_one_text_size__hover_enabled=&#8221;off&#8221; button_two_text_size__hover_enabled=&#8221;off&#8221; button_text_color__hover_enabled=&#8221;off&#8221; button_one_text_color__hover_enabled=&#8221;off&#8221; button_two_text_color__hover_enabled=&#8221;off&#8221; button_border_width__hover_enabled=&#8221;off&#8221; button_one_border_width__hover_enabled=&#8221;off&#8221; button_two_border_width__hover_enabled=&#8221;off&#8221; button_border_color__hover_enabled=&#8221;off&#8221; button_one_border_color__hover_enabled=&#8221;off&#8221; button_two_border_color__hover_enabled=&#8221;off&#8221; button_border_radius__hover_enabled=&#8221;off&#8221; button_one_border_radius__hover_enabled=&#8221;off&#8221; button_two_border_radius__hover_enabled=&#8221;off&#8221; button_letter_spacing__hover_enabled=&#8221;off&#8221; button_one_letter_spacing__hover_enabled=&#8221;off&#8221; button_two_letter_spacing__hover_enabled=&#8221;off&#8221; button_bg_color__hover_enabled=&#8221;off&#8221; button_one_bg_color__hover_enabled=&#8221;off&#8221; button_two_bg_color__hover_enabled=&#8221;off&#8221;][\/et_pb_button][\/et_pb_column][et_pb_column type=&#8221;2_3&#8243; _builder_version=&#8221;3.25&#8243; custom_padding=&#8221;40px|10%|40px|10%&#8221; custom_padding__hover=&#8221;|||&#8221;][et_pb_text _builder_version=&#8221;3.27.4&#8243; text_font=&#8221;|900||on|||||&#8221; text_text_color=&#8221;#7f7f7f&#8221; text_font_size=&#8221;16px&#8221; text_letter_spacing=&#8221;4px&#8221; text_line_height=&#8221;2em&#8221; link_font=&#8221;Bungee||||||||&#8221; link_text_color=&#8221;#ff5400&#8243; link_font_size=&#8221;24px&#8221; link_letter_spacing=&#8221;4px&#8221; custom_margin=&#8221;|||&#8221; custom_padding=&#8221;|||&#8221; custom_padding_phone=&#8221;50px|20px|40px|20px&#8221; custom_padding_last_edited=&#8221;off|desktop&#8221; animation_style=&#8221;fold&#8221; animation_direction=&#8221;left&#8221; animation_intensity_fold=&#8221;5%&#8221; animation_starting_opacity=&#8221;100%&#8221; link_font_size_last_edited=&#8221;off|desktop&#8221; locked=&#8221;off&#8221;]<\/p>\n<h1>Helista Kohe: +372 566 37 454<\/h1>\n<p>[\/et_pb_text][\/et_pb_column][\/et_pb_row][\/et_pb_section][et_pb_section fb_built=&#8221;1&#8243; admin_label=&#8221;Service Section&#8221; _builder_version=&#8221;3.22.3&#8243; background_image=&#8221;https:\/\/kamser.ee\/wp-content\/uploads\/2019\/04\/handyman-09.jpg&#8221; background_size=&#8221;initial&#8221; module_alignment=&#8221;right&#8221; custom_padding=&#8221;9px||28px|||&#8221; locked=&#8221;off&#8221;][et_pb_row column_structure=&#8221;1_2,1_2&#8243; custom_padding_last_edited=&#8221;off|desktop&#8221; admin_label=&#8221;Service Area&#8221; _builder_version=&#8221;3.25&#8243; background_color=&#8221;#ffffff&#8221; custom_margin=&#8221;|||&#8221; custom_padding=&#8221;|||&#8221; custom_padding_phone=&#8221;30px|30px|30px|30px|true|true&#8221; use_custom_width=&#8221;on&#8221; locked=&#8221;off&#8221;][et_pb_column type=&#8221;1_2&#8243; _builder_version=&#8221;3.25&#8243; custom_padding=&#8221;|||&#8221; custom_padding__hover=&#8221;|||&#8221;][et_pb_blurb title=&#8221;Fassaadit\u00f6\u00f6d&#8221; image=&#8221;https:\/\/kamser.ee\/wp-content\/uploads\/2019\/05\/IMG_1809.jpg&#8221; content_max_width=&#8221;100%&#8221; _builder_version=&#8221;3.22.4&#8243; header_font=&#8221;Bungee||||||||&#8221; header_line_height=&#8221;1.3em&#8221; body_font=&#8221;||||||||&#8221; body_font_size=&#8221;16px&#8221; body_line_height=&#8221;1.8em&#8221; custom_margin=&#8221;|||&#8221; custom_padding=&#8221;60px|40px|60px|40px|true|true&#8221; animation_style=&#8221;zoom&#8221; animation_intensity_zoom=&#8221;5%&#8221; animation=&#8221;off&#8221; box_shadow_style=&#8221;preset3&#8243; box_shadow_vertical=&#8221;60px&#8221; box_shadow_blur=&#8221;200px&#8221; box_shadow_spread=&#8221;-40px&#8221;]<\/p>\n<p>Fassaadi v\u00f5ime soojustada kivivillaga v\u00f5i EPS plaatidega, armeerida spetsiaalse v\u00f5rguga ja krohviseguga ja l\u00f5puks dekoreerida Teie poolt v\u00e4lja v\u00e4itud toonitud struktuurkrohviga. Soojustus fassaadil v\u00f5imaldab kokku hoida maja k\u00fctmisel tulevikus raha. Samuti v\u00f5ime korrastada olemasolev fassaad ,n\u00e4iteks pesta puhtaks, eemaldada praod, katta peale struktuurkrohvi v\u00f5i lihtsalt \u00fclev\u00e4rvida .<\/p>\n<p>[\/et_pb_blurb][et_pb_blurb title=&#8221;\u00dcldehitus&#8221; image=&#8221;https:\/\/kamser.ee\/wp-content\/uploads\/2019\/05\/IMG-3ad645b8908cfa3003bb90435554254a-V.jpg&#8221; content_max_width=&#8221;100%&#8221; _builder_version=&#8221;3.22.4&#8243; header_font=&#8221;Bungee||||||||&#8221; header_line_height=&#8221;1.3em&#8221; body_font=&#8221;||||||||&#8221; body_font_size=&#8221;16px&#8221; body_line_height=&#8221;1.8em&#8221; custom_margin=&#8221;|||&#8221; custom_padding=&#8221;60px|40px|60px|40px|true|true&#8221; animation_style=&#8221;zoom&#8221; animation_delay=&#8221;200ms&#8221; animation_intensity_zoom=&#8221;5%&#8221; animation=&#8221;off&#8221; box_shadow_style=&#8221;preset3&#8243; box_shadow_vertical=&#8221;60px&#8221; box_shadow_blur=&#8221;200px&#8221; box_shadow_spread=&#8221;-40px&#8221; locked=&#8221;off&#8221;]<\/p>\n<p>Need on k\u00f5ikv\u00f5imalikud ehitust\u00f6\u00f6d, kipsit\u00f6\u00f6d, laminaati v\u00f5i parketi paigaldus ,m\u00fc\u00fcrit\u00f6\u00f6d, betoonit\u00f6\u00f6d, uste ja akende paigaldus. Samuti lammutust\u00f6\u00f6d\u00a0 ja pr\u00fcgivedu.<\/p>\n<p>[\/et_pb_blurb][\/et_pb_column][et_pb_column type=&#8221;1_2&#8243; _builder_version=&#8221;3.25&#8243; custom_padding=&#8221;|||&#8221; custom_padding_tablet=&#8221;70px|8%||12%&#8221; custom_padding__hover=&#8221;|||&#8221;][et_pb_blurb title=&#8221;Krohvimis ja maalrit\u00f6\u00f6d&#8221; image=&#8221;https:\/\/kamser.ee\/wp-content\/uploads\/2019\/05\/20171208_092139.jpg&#8221; content_max_width=&#8221;100%&#8221; _builder_version=&#8221;3.22.4&#8243; header_font=&#8221;Bungee||||||||&#8221; header_line_height=&#8221;1.3em&#8221; body_font=&#8221;||||||||&#8221; body_font_size=&#8221;16px&#8221; body_line_height=&#8221;1.8em&#8221; custom_margin=&#8221;|||&#8221; custom_padding=&#8221;60px|40px|60px|40px|true|true&#8221; animation_style=&#8221;zoom&#8221; animation_delay=&#8221;100ms&#8221; animation_intensity_zoom=&#8221;5%&#8221; animation=&#8221;off&#8221; box_shadow_style=&#8221;preset3&#8243; box_shadow_vertical=&#8221;60px&#8221; box_shadow_blur=&#8221;200px&#8221; box_shadow_spread=&#8221;-40px&#8221; locked=&#8221;off&#8221;]<\/p>\n<p>Pindade ettevalmistus viimistluseks ,s.o puhastame ja krundimine, tasandame kips, lubitsement, v\u00f5i savikrohvidega. Pahteldame\u00a0 kvaliteetse pahtliga ,lihvime ja v\u00e4rvime. Tapetseerimine ja dekoratiivsed v\u00e4rvid.<\/p>\n<p>[\/et_pb_blurb][et_pb_blurb title=&#8221;Kindlustusjuhtumid&#8221; image=&#8221;https:\/\/kamser.ee\/wp-content\/uploads\/2019\/04\/handyman-10.jpg&#8221; content_max_width=&#8221;100%&#8221; _builder_version=&#8221;3.22.4&#8243; header_font=&#8221;Bungee||||||||&#8221; header_line_height=&#8221;1.3em&#8221; body_font=&#8221;||||||||&#8221; body_font_size=&#8221;16px&#8221; body_line_height=&#8221;1.8em&#8221; custom_margin=&#8221;|||&#8221; custom_padding=&#8221;60px|40px|60px|40px|true|true&#8221; animation_style=&#8221;zoom&#8221; animation_delay=&#8221;300ms&#8221; animation_intensity_zoom=&#8221;5%&#8221; animation=&#8221;off&#8221; box_shadow_style=&#8221;preset3&#8243; box_shadow_vertical=&#8221;60px&#8221; box_shadow_blur=&#8221;200px&#8221; box_shadow_spread=&#8221;-40px&#8221; locked=&#8221;off&#8221;]<\/p>\n<p><span style=\"font-size: 16px;\">K\u00f5rvaldame ka kindlustusjuhtumite tagaj\u00e4rge.<\/span><\/p>\n<p>[\/et_pb_blurb][\/et_pb_column][\/et_pb_row][\/et_pb_section][et_pb_section fb_built=&#8221;1&#8243; admin_label=&#8221;Recent Work&#8221; _builder_version=&#8221;3.22.3&#8243; custom_padding=&#8221;6px|||||&#8221;][et_pb_row admin_label=&#8221;Service Area&#8221; _builder_version=&#8221;3.25&#8243; locked=&#8221;off&#8221;][et_pb_column type=&#8221;4_4&#8243; _builder_version=&#8221;3.25&#8243; custom_padding=&#8221;|||&#8221; custom_padding__hover=&#8221;|||&#8221;][et_pb_text admin_label=&#8221;Title&#8221; _builder_version=&#8221;3.27.4&#8243; text_font=&#8221;||||||||&#8221; quote_font=&#8221;||||||||&#8221; header_font=&#8221;||||||||&#8221; header_2_font=&#8221;Bungee||||||||&#8221; header_2_font_size=&#8221;48px&#8221; header_2_line_height=&#8221;1.4em&#8221; custom_margin=&#8221;|||-40px&#8221; custom_margin_tablet=&#8221;&#8221; custom_margin_phone=&#8221;|||0px&#8221; custom_margin_last_edited=&#8221;on|phone&#8221; custom_padding=&#8221;|||30px&#8221; animation_style=&#8221;fold&#8221; animation_direction=&#8221;left&#8221; animation_intensity_fold=&#8221;5%&#8221; animation_starting_opacity=&#8221;100%&#8221; header_2_font_size_tablet=&#8221;30px&#8221; header_2_font_size_phone=&#8221;&#8221; header_2_font_size_last_edited=&#8221;on|tablet&#8221; border_color_all=&#8221;#ff5400&#8243; border_width_left=&#8221;10px&#8221;]<\/p>\n<h2>Meie tehtud t\u00f6\u00f6d<\/h2>\n<p>[\/et_pb_text][\/et_pb_column][\/et_pb_row][et_pb_row _builder_version=&#8221;3.25&#8243; min_height=&#8221;155px&#8221;][et_pb_column type=&#8221;4_4&#8243; _builder_version=&#8221;3.25&#8243; custom_padding=&#8221;|||&#8221; custom_padding__hover=&#8221;|||&#8221;][et_pb_code _builder_version=&#8221;4.5.3&#8243; _module_preset=&#8221;default&#8221;]\r\n\t<div class=\"aigpl-gallery-slider-wrp \">\r\n\t\t<div class=\"aigpl-gallery aigpl-gallery-wrp aigpl-gallery-slider aigpl-clearfix aigpl-design-1 aigpl-popup-gallery\" id=\"aigpl-gallery-1\">\r\n\t\t\r\n<div class=\"aigpl-slider-slide aigpl-cnt-wrp\" data-item-index=\"1\">\r\n\t<div class=\"aigpl-inr-wrp\">\r\n\t\t<div class=\"aigpl-img-wrp\" style=\"\">\r\n\r\n\t\t\t\t\t\t\t\t<a class=\"aigpl-img-link\" data-mfp-src=\"https:\/\/kamser.ee\/wp-content\/uploads\/2021\/04\/vene_tn_renoveerimine-6-1024x768-1.jpg\" href=\"javascript:void(0);\" target=\"_self\">\r\n\t\t\t\t\t\t<img class=\"aigpl-img\"  src=\"https:\/\/kamser.ee\/wp-content\/uploads\/2021\/04\/vene_tn_renoveerimine-6-1024x768-1.jpg\" alt=\"\" \/>\r\n\t\t\t\t\t<\/a>\r\n\t\t\t\t\t\t<\/div>\r\n\r\n\t\t\t<\/div>\r\n<\/div>\r\n<div class=\"aigpl-slider-slide aigpl-cnt-wrp\" data-item-index=\"2\">\r\n\t<div class=\"aigpl-inr-wrp\">\r\n\t\t<div class=\"aigpl-img-wrp\" style=\"\">\r\n\r\n\t\t\t\t\t\t\t\t<a class=\"aigpl-img-link\" data-mfp-src=\"https:\/\/kamser.ee\/wp-content\/uploads\/2021\/04\/vene_tn_renoveerimine-9-1024x768-1.jpg\" href=\"javascript:void(0);\" target=\"_self\">\r\n\t\t\t\t\t\t<img class=\"aigpl-img\"  src=\"https:\/\/kamser.ee\/wp-content\/uploads\/2021\/04\/vene_tn_renoveerimine-9-1024x768-1.jpg\" alt=\"\" \/>\r\n\t\t\t\t\t<\/a>\r\n\t\t\t\t\t\t<\/div>\r\n\r\n\t\t\t<\/div>\r\n<\/div>\r\n<div class=\"aigpl-slider-slide aigpl-cnt-wrp\" data-item-index=\"3\">\r\n\t<div class=\"aigpl-inr-wrp\">\r\n\t\t<div class=\"aigpl-img-wrp\" style=\"\">\r\n\r\n\t\t\t\t\t\t\t\t<a class=\"aigpl-img-link\" data-mfp-src=\"https:\/\/kamser.ee\/wp-content\/uploads\/2021\/04\/vene_tn_renoveerimine-10-1024x768-1.jpg\" href=\"javascript:void(0);\" target=\"_self\">\r\n\t\t\t\t\t\t<img class=\"aigpl-img\"  src=\"https:\/\/kamser.ee\/wp-content\/uploads\/2021\/04\/vene_tn_renoveerimine-10-1024x768-1.jpg\" alt=\"\" \/>\r\n\t\t\t\t\t<\/a>\r\n\t\t\t\t\t\t<\/div>\r\n\r\n\t\t\t<\/div>\r\n<\/div>\r\n<div class=\"aigpl-slider-slide aigpl-cnt-wrp\" data-item-index=\"4\">\r\n\t<div class=\"aigpl-inr-wrp\">\r\n\t\t<div class=\"aigpl-img-wrp\" style=\"\">\r\n\r\n\t\t\t\t\t\t\t\t<a class=\"aigpl-img-link\" data-mfp-src=\"https:\/\/kamser.ee\/wp-content\/uploads\/2021\/04\/vene_tn_renoveerimine-11-1024x768-1.jpg\" href=\"javascript:void(0);\" target=\"_self\">\r\n\t\t\t\t\t\t<img class=\"aigpl-img\"  src=\"https:\/\/kamser.ee\/wp-content\/uploads\/2021\/04\/vene_tn_renoveerimine-11-1024x768-1.jpg\" alt=\"\" \/>\r\n\t\t\t\t\t<\/a>\r\n\t\t\t\t\t\t<\/div>\r\n\r\n\t\t\t<\/div>\r\n<\/div>\r\n<div class=\"aigpl-slider-slide aigpl-cnt-wrp\" data-item-index=\"5\">\r\n\t<div class=\"aigpl-inr-wrp\">\r\n\t\t<div class=\"aigpl-img-wrp\" style=\"\">\r\n\r\n\t\t\t\t\t\t\t\t<a class=\"aigpl-img-link\" data-mfp-src=\"https:\/\/kamser.ee\/wp-content\/uploads\/2021\/04\/vene_tn_renoveerimine-15-1024x768-1.jpg\" href=\"javascript:void(0);\" target=\"_self\">\r\n\t\t\t\t\t\t<img class=\"aigpl-img\"  src=\"https:\/\/kamser.ee\/wp-content\/uploads\/2021\/04\/vene_tn_renoveerimine-15-1024x768-1.jpg\" alt=\"\" \/>\r\n\t\t\t\t\t<\/a>\r\n\t\t\t\t\t\t<\/div>\r\n\r\n\t\t\t<\/div>\r\n<\/div>\r\n\t\t<\/div>\r\n\t\t<div class=\"aigpl-gallery-slider-conf aigpl-hide\">{&quot;slidestoshow&quot;:3,&quot;slidestoscroll&quot;:1,&quot;dots&quot;:&quot;true&quot;,&quot;arrows&quot;:&quot;true&quot;,&quot;autoplay&quot;:&quot;true&quot;,&quot;autoplay_interval&quot;:3000,&quot;speed&quot;:300,&quot;loop&quot;:&quot;true&quot;,&quot;lazyload&quot;:&quot;&quot;}<\/div>\r\n\t<\/div>\r\n\r\n\t[\/et_pb_code][\/et_pb_column][\/et_pb_row][\/et_pb_section][et_pb_section fb_built=&#8221;1&#8243; custom_padding_last_edited=&#8221;on|phone&#8221; next_background_color=&#8221;#ffffff&#8221; admin_label=&#8221;Footer Section&#8221; _builder_version=&#8221;3.22.3&#8243; use_background_color_gradient=&#8221;on&#8221; background_color_gradient_start=&#8221;#2b303a&#8221; background_color_gradient_end=&#8221;rgba(43,48,58,0.5)&#8221; background_color_gradient_type=&#8221;radial&#8221; background_color_gradient_direction_radial=&#8221;top left&#8221; background_color_gradient_start_position=&#8221;10%&#8221; background_color_gradient_overlays_image=&#8221;on&#8221; background_image=&#8221;https:\/\/kamser.ee\/wp-content\/uploads\/2019\/04\/handyman-05.jpg&#8221; module_alignment=&#8221;right&#8221; custom_margin=&#8221;83px|60px|83px|60px|true|true&#8221; custom_margin_tablet=&#8221;0px|0px|0px|0px|true|true&#8221; custom_margin_phone=&#8221;&#8221; custom_margin_last_edited=&#8221;on|tablet&#8221; custom_padding=&#8221;0px||0vw|0|false|false&#8221; custom_padding_tablet=&#8221;|||0px&#8221; custom_padding_phone=&#8221;||120px|&#8221; bottom_divider_style=&#8221;asymmetric4&#8243; bottom_divider_repeat=&#8221;0.5x&#8221; bottom_divider_flip=&#8221;horizontal&#8221; animation_style=&#8221;slide&#8221; animation_direction=&#8221;bottom&#8221; animation_intensity_slide=&#8221;5%&#8221; box_shadow_style=&#8221;preset3&#8243; box_shadow_vertical=&#8221;-80px&#8221; box_shadow_blur=&#8221;200px&#8221; box_shadow_spread=&#8221;-40px&#8221; box_shadow_color=&#8221;rgba(0,0,0,0.12)&#8221;][et_pb_row admin_label=&#8221;CTA Area&#8221; _builder_version=&#8221;3.25&#8243; custom_margin=&#8221;-6vw|auto||auto||&#8221; locked=&#8221;off&#8221;][et_pb_column type=&#8221;4_4&#8243; _builder_version=&#8221;3.25&#8243; custom_padding=&#8221;|||&#8221; custom_padding__hover=&#8221;|||&#8221;][et_pb_text _builder_version=&#8221;3.27.4&#8243; text_font=&#8221;|900||on|||||&#8221; text_text_color=&#8221;rgba(255,255,255,0.7)&#8221; text_font_size=&#8221;16px&#8221; text_letter_spacing=&#8221;2px&#8221; text_line_height=&#8221;1.8em&#8221; link_font=&#8221;Bungee||||||||&#8221; link_text_color=&#8221;#ffffff&#8221; link_font_size=&#8221;30px&#8221; link_letter_spacing=&#8221;4px&#8221; background_layout=&#8221;dark&#8221; custom_margin=&#8221;|||&#8221; custom_padding=&#8221;30px||30px|&#8221; animation_style=&#8221;fold&#8221; animation_direction=&#8221;left&#8221; animation_intensity_fold=&#8221;5%&#8221; animation_starting_opacity=&#8221;100%&#8221; link_font_size_tablet=&#8221;&#8221; link_font_size_phone=&#8221;24px&#8221; link_font_size_last_edited=&#8221;on|desktop&#8221;]<\/p>\n<p>Helistage meile :<a style=\"white-space: nowrap;\" href=\"tel:123456789\">+372 566 37 454<\/a><\/p>\n<p>[\/et_pb_text][\/et_pb_column][\/et_pb_row][et_pb_row admin_label=&#8221;Social Media Links&#8221; _builder_version=&#8221;3.25&#8243;][et_pb_column type=&#8221;4_4&#8243; _builder_version=&#8221;3.25&#8243; custom_padding=&#8221;|||&#8221; custom_padding__hover=&#8221;|||&#8221;][et_pb_social_media_follow _builder_version=&#8221;3.22.4&#8243; custom_margin=&#8221;|||&#8221; custom_padding=&#8221;28px|||||&#8221; border_radii=&#8221;on|0px|0px|0px|0px&#8221; border_width_all=&#8221;7px&#8221; border_color_all=&#8221;#6c717c&#8221;][et_pb_social_media_follow_network social_network=&#8221;facebook&#8221; url=&#8221;https:\/\/www.facebook.com\/kamser.ee\/&#8221; _builder_version=&#8221;3.22.4&#8243; background_color=&#8221;#6c717c&#8221; follow_button=&#8221;off&#8221; url_new_window=&#8221;on&#8221;]facebook[\/et_pb_social_media_follow_network][\/et_pb_social_media_follow][\/et_pb_column][\/et_pb_row][\/et_pb_section]<\/p>\n","protected":false},"excerpt":{"rendered":"<p>[et_pb_section fb_built=&#8221;1&#8243; custom_padding_last_edited=&#8221;on|tablet&#8221; prev_background_color=&#8221;#ffffff&#8221; disabled_on=&#8221;off|off|off&#8221; admin_label=&#8221;Hero Section&#8221; _builder_version=&#8221;3.22.3&#8243; use_background_color_gradient=&#8221;on&#8221; background_color_gradient_start=&#8221;#2b303a&#8221; background_color_gradient_end=&#8221;rgba(43,48,58,0.5)&#8221; background_color_gradient_type=&#8221;radial&#8221; background_color_gradient_direction_radial=&#8221;top left&#8221; background_color_gradient_start_position=&#8221;10%&#8221; background_color_gradient_overlays_image=&#8221;on&#8221; background_image=&#8221;https:\/\/kamser.ee\/wp-content\/uploads\/2019\/04\/handyman-06.jpg&#8221; module_alignment=&#8221;right&#8221; custom_margin=&#8221;60px|60px|60px|60px|true|true&#8221; custom_margin_tablet=&#8221;0px|0px|0px|0px|true|true&#8221; custom_margin_phone=&#8221;&#8221; custom_margin_last_edited=&#8221;on|phone&#8221; custom_padding=&#8221;10vw||0|0|false|false&#8221; custom_padding_tablet=&#8221;|||0px&#8221; custom_padding_phone=&#8221;120px|||&#8221; top_divider_style=&#8221;asymmetric4&#8243; top_divider_repeat=&#8221;0.5x&#8221; top_divider_flip=&#8221;vertical&#8221; animation_style=&#8221;slide&#8221; animation_direction=&#8221;top&#8221; animation_intensity_slide=&#8221;2%&#8221; box_shadow_style=&#8221;preset3&#8243; box_shadow_vertical=&#8221;80px&#8221; box_shadow_blur=&#8221;200px&#8221; box_shadow_spread=&#8221;-40px&#8221; box_shadow_color=&#8221;rgba(0,0,0,0.12)&#8221;][et_pb_row admin_label=&#8221;Hero Area&#8221; _builder_version=&#8221;3.25&#8243; background_size=&#8221;initial&#8221; background_position=&#8221;top_left&#8221; background_repeat=&#8221;repeat&#8221; custom_margin=&#8221;||8vw|&#8221;][et_pb_column type=&#8221;4_4&#8243; _builder_version=&#8221;3.25&#8243; custom_padding=&#8221;|||&#8221; custom_padding__hover=&#8221;|||&#8221;][et_pb_text admin_label=&#8221;Title&#8221; _builder_version=&#8221;3.27.4&#8243; text_font=&#8221;||||||||&#8221; quote_font=&#8221;||||||||&#8221; header_font=&#8221;Bungee||||||||&#8221; header_font_size=&#8221;80px&#8221; header_line_height=&#8221;1.4em&#8221; header_2_font=&#8221;||||||||&#8221; [&hellip;]<\/p>\n","protected":false},"author":1,"featured_media":0,"parent":0,"menu_order":0,"comment_status":"closed","ping_status":"closed","template":"","meta":{"_et_pb_use_builder":"on","_et_pb_old_content":"","_et_gb_content_width":""},"_links":{"self":[{"href":"https:\/\/kamser.ee\/index.php?rest_route=\/wp\/v2\/pages\/56"}],"collection":[{"href":"https:\/\/kamser.ee\/index.php?rest_route=\/wp\/v2\/pages"}],"about":[{"href":"https:\/\/kamser.ee\/index.php?rest_route=\/wp\/v2\/types\/page"}],"author":[{"embeddable":true,"href":"https:\/\/kamser.ee\/index.php?rest_route=\/wp\/v2\/users\/1"}],"replies":[{"embeddable":true,"href":"https:\/\/kamser.ee\/index.php?rest_route=%2Fwp%2Fv2%2Fcomments&post=56"}],"version-history":[{"count":13,"href":"https:\/\/kamser.ee\/index.php?rest_route=\/wp\/v2\/pages\/56\/revisions"}],"predecessor-version":[{"id":287,"href":"https:\/\/kamser.ee\/index.php?rest_route=\/wp\/v2\/pages\/56\/revisions\/287"}],"wp:attachment":[{"href":"https:\/\/kamser.ee\/index.php?rest_route=%2Fwp%2Fv2%2Fmedia&parent=56"}],"curies":[{"name":"wp","href":"https:\/\/api.w.org\/{rel}","templated":true}]}}