{"id":143,"date":"2020-05-21T16:58:12","date_gmt":"2020-05-21T14:58:12","guid":{"rendered":"https:\/\/kamser.ee\/?page_id=143"},"modified":"2021-04-28T09:25:38","modified_gmt":"2021-04-28T07:25:38","slug":"143-2","status":"publish","type":"page","link":"https:\/\/kamser.ee\/?page_id=143","title":{"rendered":"Tehtud tood"},"content":{"rendered":"<p>[et_pb_section fb_built=&#8221;1&#8243; _builder_version=&#8221;3.22.7&#8243; background_color=&#8221;#f2f2f2&#8243; background_position=&#8221;bottom_center&#8221; custom_padding=&#8221;||24px|||&#8221; top_divider_color=&#8221;#ffffff&#8221;][et_pb_row _builder_version=&#8221;3.25&#8243;][et_pb_column type=&#8221;4_4&#8243; _builder_version=&#8221;3.25&#8243; custom_padding=&#8221;|||&#8221; custom_padding__hover=&#8221;|||&#8221;][et_pb_code _builder_version=&#8221;3.22.7&#8243; width=&#8221;100%&#8221;]\r\n\t\t<div class=\"aigpl-gallery-album-wrp aigpl-gallery-album aigpl-clearfix aigpl-album-design-1 \" id=\"aigpl-gallery-1\">\r\n\r\n\t\t\r\n<div class=\"aigpl-cnt-wrp aigpl-col-3 aigpl-columns aigpl-first\">\r\n\t<div class=\"aigpl-inr-wrp\">\r\n\r\n\t\t<div class=\"aigpl-img-wrp\" style=\"\">\r\n\t\t\t<a class=\"aigpl-img-link\" href=\"https:\/\/kamser.ee\/?page_id=143&#038;album=251&#038;album_ses=1#aigpl-album-gallery-1\" target=\"_self\">\r\n\t\t\t\t\t\t\t\t<img class=\"aigpl-img\"  src=\"https:\/\/kamser.ee\/wp-content\/uploads\/2021\/04\/vene_tn_renoveerimine-6-1024x768-1.jpg\" alt=\"Vanalinna KINDAKROHV\" \/>\r\n\t\t\t\t\t\t\t<\/a>\r\n\t\t<\/div>\r\n\r\n\t\t\t\t\t<a class=\"aigpl-img-link\" href=\"https:\/\/kamser.ee\/?page_id=143&#038;album=251&#038;album_ses=1#aigpl-album-gallery-1\" target=\"_self\">\r\n\t\t\t\t<div class=\"aigpl-img-title aigpl-center\">Vanalinna KINDAKROHV<\/div>\r\n\t\t\t<\/a>\r\n\t\t\t\t<div class=\"aigpl-img-count aigpl-center\">5 Photos<\/div>\r\n\t\t\t<\/div>\r\n<\/div>\r\n\t\t<\/div><!-- end .aigpl-gallery-album-wrp -->\r\n\r\n\t [\/et_pb_code][et_pb_code _builder_version=&#8221;3.22.7&#8243; width=&#8221;100%&#8221; hover_enabled=&#8221;0&#8243;]\r\n\t\t<div class=\"aigpl-gallery-album-wrp aigpl-gallery-album aigpl-clearfix aigpl-album-design-1 \" id=\"aigpl-gallery-2\">\r\n\r\n\t\t\r\n<div class=\"aigpl-cnt-wrp aigpl-col-3 aigpl-columns aigpl-first\">\r\n\t<div class=\"aigpl-inr-wrp\">\r\n\r\n\t\t<div class=\"aigpl-img-wrp\" style=\"\">\r\n\t\t\t<a class=\"aigpl-img-link\" href=\"https:\/\/kamser.ee\/?post_type=aigpl_gallery&#038;p=251&#038;album=165&#038;album_ses=2#aigpl-album-gallery-2\" target=\"_self\">\r\n\t\t\t\t\t\t\t\t<img class=\"aigpl-img\"  src=\"https:\/\/kamser.ee\/wp-content\/uploads\/2020\/05\/IMG_1800-scaled.jpg\" alt=\"Tallinn Punane 69 Sulgpall v\u00e4rvimist\u00f6\u00f6d suvi 2018\" \/>\r\n\t\t\t\t\t\t\t<\/a>\r\n\t\t<\/div>\r\n\r\n\t\t\t\t\t<a class=\"aigpl-img-link\" href=\"https:\/\/kamser.ee\/?post_type=aigpl_gallery&#038;p=251&#038;album=165&#038;album_ses=2#aigpl-album-gallery-2\" target=\"_self\">\r\n\t\t\t\t<div class=\"aigpl-img-title aigpl-center\">Tallinn Punane 69 Sulgpall v\u00e4rvimist\u00f6\u00f6d suvi 2018<\/div>\r\n\t\t\t<\/a>\r\n\t\t\t\t<div class=\"aigpl-img-count aigpl-center\">5 Photos<\/div>\r\n\t\t\t<\/div>\r\n<\/div>\r\n\t\t<\/div><!-- end .aigpl-gallery-album-wrp -->\r\n\r\n\t [\/et_pb_code][et_pb_code _builder_version=&#8221;4.5.3&#8243; width=&#8221;100%&#8221; hover_enabled=&#8221;0&#8243;]\r\n\t\t<div class=\"aigpl-gallery-album-wrp aigpl-gallery-album aigpl-clearfix aigpl-album-design-1 \" id=\"aigpl-gallery-3\">\r\n\r\n\t\t\r\n<div class=\"aigpl-cnt-wrp aigpl-col-3 aigpl-columns aigpl-first\">\r\n\t<div class=\"aigpl-inr-wrp\">\r\n\r\n\t\t<div class=\"aigpl-img-wrp\" style=\"\">\r\n\t\t\t<a class=\"aigpl-img-link\" href=\"https:\/\/kamser.ee\/?post_type=aigpl_gallery&#038;p=165&#038;album=366&#038;album_ses=3#aigpl-album-gallery-3\" target=\"_self\">\r\n\t\t\t\t\t\t\t\t<img class=\"aigpl-img\"  src=\"https:\/\/kamser.ee\/wp-content\/uploads\/2021\/04\/DSC_4282-scaled.jpg\" alt=\"Kommunikatsiooni torude v\u00e4rvimine Luhteri \u00c4rimaja Tallinn Vana-Louna \/ Kevad 2017\" \/>\r\n\t\t\t\t\t\t\t<\/a>\r\n\t\t<\/div>\r\n\r\n\t\t\t\t\t<a class=\"aigpl-img-link\" href=\"https:\/\/kamser.ee\/?post_type=aigpl_gallery&#038;p=165&#038;album=366&#038;album_ses=3#aigpl-album-gallery-3\" target=\"_self\">\r\n\t\t\t\t<div class=\"aigpl-img-title aigpl-center\">Kommunikatsiooni torude v\u00e4rvimine Luhteri \u00c4rimaja Tallinn Vana-Louna \/ Kevad 2017<\/div>\r\n\t\t\t<\/a>\r\n\t\t\t\t<div class=\"aigpl-img-count aigpl-center\">15 Photos<\/div>\r\n\t\t\t<\/div>\r\n<\/div>\r\n\t\t<\/div><!-- end .aigpl-gallery-album-wrp -->\r\n\r\n\t [\/et_pb_code][et_pb_code _builder_version=&#8221;4.5.3&#8243; width=&#8221;100%&#8221; hover_enabled=&#8221;0&#8243;]\r\n\t\t<div class=\"aigpl-gallery-album-wrp aigpl-gallery-album aigpl-clearfix aigpl-album-design-1 \" id=\"aigpl-gallery-4\">\r\n\r\n\t\t\r\n<div class=\"aigpl-cnt-wrp aigpl-col-3 aigpl-columns aigpl-first\">\r\n\t<div class=\"aigpl-inr-wrp\">\r\n\r\n\t\t<div class=\"aigpl-img-wrp\" style=\"\">\r\n\t\t\t<a class=\"aigpl-img-link\" href=\"https:\/\/kamser.ee\/?post_type=aigpl_gallery&#038;p=366&#038;album=388&#038;album_ses=4#aigpl-album-gallery-4\" target=\"_self\">\r\n\t\t\t\t\t\t\t\t<img class=\"aigpl-img\"  src=\"https:\/\/kamser.ee\/wp-content\/uploads\/2021\/04\/DSC_0057-scaled.jpg\" alt=\"Viienda korruse fassaadi kujundamine.Tehnika tn \/ Kevad 2017\" \/>\r\n\t\t\t\t\t\t\t<\/a>\r\n\t\t<\/div>\r\n\r\n\t\t\t\t\t<a class=\"aigpl-img-link\" href=\"https:\/\/kamser.ee\/?post_type=aigpl_gallery&#038;p=366&#038;album=388&#038;album_ses=4#aigpl-album-gallery-4\" target=\"_self\">\r\n\t\t\t\t<div class=\"aigpl-img-title aigpl-center\">Viienda korruse fassaadi kujundamine.Tehnika tn \/ Kevad 2017<\/div>\r\n\t\t\t<\/a>\r\n\t\t\t\t<div class=\"aigpl-img-count aigpl-center\">13 Photos<\/div>\r\n\t\t\t<\/div>\r\n<\/div>\r\n\t\t<\/div><!-- end .aigpl-gallery-album-wrp -->\r\n\r\n\t [\/et_pb_code][et_pb_code _builder_version=&#8221;4.5.3&#8243; width=&#8221;100%&#8221; hover_enabled=&#8221;0&#8243;]\r\n\t\t<div class=\"aigpl-gallery-album-wrp aigpl-gallery-album aigpl-clearfix aigpl-album-design-1 \" id=\"aigpl-gallery-5\">\r\n\r\n\t\t\r\n<div class=\"aigpl-cnt-wrp aigpl-col-3 aigpl-columns aigpl-first\">\r\n\t<div class=\"aigpl-inr-wrp\">\r\n\r\n\t\t<div class=\"aigpl-img-wrp\" style=\"\">\r\n\t\t\t<a class=\"aigpl-img-link\" href=\"https:\/\/kamser.ee\/?post_type=aigpl_gallery&#038;p=388&#038;album=430&#038;album_ses=5#aigpl-album-gallery-5\" target=\"_self\">\r\n\t\t\t\t\t\t\t\t<img class=\"aigpl-img\"  src=\"https:\/\/kamser.ee\/wp-content\/uploads\/2021\/04\/20171117_092002.jpg\" alt=\"Maalrit\u00f6\u00f6d OLARET\" \/>\r\n\t\t\t\t\t\t\t<\/a>\r\n\t\t<\/div>\r\n\r\n\t\t\t\t\t<a class=\"aigpl-img-link\" href=\"https:\/\/kamser.ee\/?post_type=aigpl_gallery&#038;p=388&#038;album=430&#038;album_ses=5#aigpl-album-gallery-5\" target=\"_self\">\r\n\t\t\t\t<div class=\"aigpl-img-title aigpl-center\">Maalrit\u00f6\u00f6d OLARET<\/div>\r\n\t\t\t<\/a>\r\n\t\t\t\t<div class=\"aigpl-img-count aigpl-center\">5 Photos<\/div>\r\n\t\t\t<\/div>\r\n<\/div>\r\n\t\t<\/div><!-- end .aigpl-gallery-album-wrp -->\r\n\r\n\t [\/et_pb_code][et_pb_code _builder_version=&#8221;4.5.3&#8243; width=&#8221;100%&#8221; hover_enabled=&#8221;0&#8243;]\r\n\t\t<div class=\"aigpl-gallery-album-wrp aigpl-gallery-album aigpl-clearfix aigpl-album-design-1 \" id=\"aigpl-gallery-6\">\r\n\r\n\t\t\r\n<div class=\"aigpl-cnt-wrp aigpl-col-3 aigpl-columns aigpl-first\">\r\n\t<div class=\"aigpl-inr-wrp\">\r\n\r\n\t\t<div class=\"aigpl-img-wrp\" style=\"\">\r\n\t\t\t<a class=\"aigpl-img-link\" href=\"https:\/\/kamser.ee\/?post_type=aigpl_gallery&#038;p=430&#038;album=484&#038;album_ses=6#aigpl-album-gallery-6\" target=\"_self\">\r\n\t\t\t\t\t\t\t\t<img class=\"aigpl-img\"  src=\"https:\/\/kamser.ee\/wp-content\/uploads\/2021\/04\/20171208_091854-scaled.jpg\" alt=\"Maalrit\u00f6\u00f6d Tallinn  Liikuri tn \/ S\u00fcgis 2017\" \/>\r\n\t\t\t\t\t\t\t<\/a>\r\n\t\t<\/div>\r\n\r\n\t\t\t\t\t<a class=\"aigpl-img-link\" href=\"https:\/\/kamser.ee\/?post_type=aigpl_gallery&#038;p=430&#038;album=484&#038;album_ses=6#aigpl-album-gallery-6\" target=\"_self\">\r\n\t\t\t\t<div class=\"aigpl-img-title aigpl-center\">Maalrit\u00f6\u00f6d Tallinn  Liikuri tn \/ S\u00fcgis 2017<\/div>\r\n\t\t\t<\/a>\r\n\t\t\t\t<div class=\"aigpl-img-count aigpl-center\">5 Photos<\/div>\r\n\t\t\t<\/div>\r\n<\/div>\r\n\t\t<\/div><!-- end .aigpl-gallery-album-wrp -->\r\n\r\n\t [\/et_pb_code][et_pb_code _builder_version=&#8221;4.5.3&#8243; width=&#8221;100%&#8221; hover_enabled=&#8221;0&#8243;]\r\n\t\t<div class=\"aigpl-gallery-album-wrp aigpl-gallery-album aigpl-clearfix aigpl-album-design-1 \" id=\"aigpl-gallery-7\">\r\n\r\n\t\t\r\n<div class=\"aigpl-cnt-wrp aigpl-col-3 aigpl-columns aigpl-first\">\r\n\t<div class=\"aigpl-inr-wrp\">\r\n\r\n\t\t<div class=\"aigpl-img-wrp\" style=\"\">\r\n\t\t\t<a class=\"aigpl-img-link\" href=\"https:\/\/kamser.ee\/?post_type=aigpl_gallery&#038;p=484&#038;album=502&#038;album_ses=7#aigpl-album-gallery-7\" target=\"_self\">\r\n\t\t\t\t\t\t\t\t<img class=\"aigpl-img\"  src=\"https:\/\/kamser.ee\/wp-content\/uploads\/2021\/04\/IMG_1868-scaled.jpg\" alt=\"Fassaadit\u00f6\u00f6d Tallinn Lodjapuu \/ S\u00fcgis 2018\" \/>\r\n\t\t\t\t\t\t\t<\/a>\r\n\t\t<\/div>\r\n\r\n\t\t\t\t\t<a class=\"aigpl-img-link\" href=\"https:\/\/kamser.ee\/?post_type=aigpl_gallery&#038;p=484&#038;album=502&#038;album_ses=7#aigpl-album-gallery-7\" target=\"_self\">\r\n\t\t\t\t<div class=\"aigpl-img-title aigpl-center\">Fassaadit\u00f6\u00f6d Tallinn Lodjapuu \/ S\u00fcgis 2018<\/div>\r\n\t\t\t<\/a>\r\n\t\t\t\t<div class=\"aigpl-img-count aigpl-center\">12 Photos<\/div>\r\n\t\t\t<\/div>\r\n<\/div>\r\n\t\t<\/div><!-- end .aigpl-gallery-album-wrp -->\r\n\r\n\t [\/et_pb_code][\/et_pb_column][\/et_pb_row][\/et_pb_section][et_pb_section fb_built=&#8221;1&#8243; _builder_version=&#8221;3.22.7&#8243; background_color=&#8221;#f2f2f2&#8243; background_position=&#8221;bottom_center&#8221; custom_padding=&#8221;21px|||||&#8221; top_divider_color=&#8221;#ffffff&#8221;][\/et_pb_section]<\/p>\n","protected":false},"excerpt":{"rendered":"<p>[et_pb_section fb_built=&#8221;1&#8243; _builder_version=&#8221;3.22.7&#8243; background_color=&#8221;#f2f2f2&#8243; background_position=&#8221;bottom_center&#8221; custom_padding=&#8221;||24px|||&#8221; top_divider_color=&#8221;#ffffff&#8221;][et_pb_row _builder_version=&#8221;3.25&#8243;][et_pb_column type=&#8221;4_4&#8243; _builder_version=&#8221;3.25&#8243; custom_padding=&#8221;|||&#8221; custom_padding__hover=&#8221;|||&#8221;][et_pb_code _builder_version=&#8221;3.22.7&#8243; width=&#8221;100%&#8221;] [\/et_pb_code][et_pb_code _builder_version=&#8221;3.22.7&#8243; width=&#8221;100%&#8221; hover_enabled=&#8221;0&#8243;] [\/et_pb_code][et_pb_code _builder_version=&#8221;4.5.3&#8243; width=&#8221;100%&#8221; hover_enabled=&#8221;0&#8243;] [\/et_pb_code][et_pb_code _builder_version=&#8221;4.5.3&#8243; width=&#8221;100%&#8221; hover_enabled=&#8221;0&#8243;] [\/et_pb_code][et_pb_code _builder_version=&#8221;4.5.3&#8243; width=&#8221;100%&#8221; hover_enabled=&#8221;0&#8243;] [\/et_pb_code][et_pb_code _builder_version=&#8221;4.5.3&#8243; width=&#8221;100%&#8221; hover_enabled=&#8221;0&#8243;] [\/et_pb_code][et_pb_code _builder_version=&#8221;4.5.3&#8243; width=&#8221;100%&#8221; hover_enabled=&#8221;0&#8243;] [\/et_pb_code][\/et_pb_column][\/et_pb_row][\/et_pb_section][et_pb_section fb_built=&#8221;1&#8243; _builder_version=&#8221;3.22.7&#8243; background_color=&#8221;#f2f2f2&#8243; background_position=&#8221;bottom_center&#8221; custom_padding=&#8221;21px|||||&#8221; top_divider_color=&#8221;#ffffff&#8221;][\/et_pb_section]<\/p>\n","protected":false},"author":1,"featured_media":0,"parent":0,"menu_order":0,"comment_status":"closed","ping_status":"closed","template":"","meta":{"_et_pb_use_builder":"on","_et_pb_old_content":"","_et_gb_content_width":""},"_links":{"self":[{"href":"https:\/\/kamser.ee\/index.php?rest_route=\/wp\/v2\/pages\/143"}],"collection":[{"href":"https:\/\/kamser.ee\/index.php?rest_route=\/wp\/v2\/pages"}],"about":[{"href":"https:\/\/kamser.ee\/index.php?rest_route=\/wp\/v2\/types\/page"}],"author":[{"embeddable":true,"href":"https:\/\/kamser.ee\/index.php?rest_route=\/wp\/v2\/users\/1"}],"replies":[{"embeddable":true,"href":"https:\/\/kamser.ee\/index.php?rest_route=%2Fwp%2Fv2%2Fcomments&post=143"}],"version-history":[{"count":33,"href":"https:\/\/kamser.ee\/index.php?rest_route=\/wp\/v2\/pages\/143\/revisions"}],"predecessor-version":[{"id":539,"href":"https:\/\/kamser.ee\/index.php?rest_route=\/wp\/v2\/pages\/143\/revisions\/539"}],"wp:attachment":[{"href":"https:\/\/kamser.ee\/index.php?rest_route=%2Fwp%2Fv2%2Fmedia&parent=143"}],"curies":[{"name":"wp","href":"https:\/\/api.w.org\/{rel}","templated":true}]}}